{"id":38,"date":"2024-02-01T07:16:22","date_gmt":"2024-02-01T06:16:22","guid":{"rendered":"https:\/\/lesvertstunisie.travelfoliage.com\/?page_id=38"},"modified":"2024-02-04T06:08:54","modified_gmt":"2024-02-04T05:08:54","slug":"pepiniere-et-jardinerie-de-confiance-pour-tous-vos-besoins-en-plantes","status":"publish","type":"page","link":"https:\/\/lesvertstunisie.travelfoliage.com\/?page_id=38","title":{"rendered":"A propos"},"content":{"rendered":"<p><a href=\"https:\/\/www.facebook.com\/lesvertstunisie\"><img loading=\"lazy\" decoding=\"async\" class=\"aligncenter wp-image-43 size-full\" src=\"http:\/\/lesvertstunisie.travelfoliage.com\/wp-content\/uploads\/2024\/02\/Les-Verts-A-propos.jpg\" alt=\"\" width=\"1080\" height=\"810\" srcset=\"https:\/\/lesvertstunisie.travelfoliage.com\/wp-content\/uploads\/2024\/02\/Les-Verts-A-propos.jpg 1080w, https:\/\/lesvertstunisie.travelfoliage.com\/wp-content\/uploads\/2024\/02\/Les-Verts-A-propos-300x225.jpg 300w, https:\/\/lesvertstunisie.travelfoliage.com\/wp-content\/uploads\/2024\/02\/Les-Verts-A-propos-1024x768.jpg 1024w, https:\/\/lesvertstunisie.travelfoliage.com\/wp-content\/uploads\/2024\/02\/Les-Verts-A-propos-768x576.jpg 768w\" sizes=\"(max-width: 1080px) 100vw, 1080px\" \/><\/a><\/p>\n<div class=\"layout-element layout-element--layout layout-element transition transition--slide\" data-v-c26ff75d=\"\" data-animation-state=\"active\">\n<div id=\"zWqo8X\" class=\"text-box layout-element__component layout-element__component--GridTextBox\" data-v-c26ff75d=\"\" data-qa=\"gridtextbox:zwqo8x\">\n<h3 dir=\"auto\">Les Verts Tunisie<\/h3>\n<\/div>\n<\/div>\n<div class=\"layout-element layout-element--layout layout-element transition transition--slide\" data-v-c26ff75d=\"\" data-animation-state=\"active\">\n<div id=\"zqXvl2\" class=\"grid-map layout-element__component layout-element__component--GridMap\" data-v-c26ff75d=\"\" data-v-3b334315=\"\" data-qa=\"gridmap:zqxvl2\"><iframe loading=\"lazy\" class=\"grid-map__frame\" src=\"https:\/\/maps.google.com\/maps?q=les%20verts%20tunisie&amp;t=m&amp;z=13&amp;ie=UTF8&amp;output=embed\" width=\"100%\" height=\"100%\" data-v-3b334315=\"\" data-mce-fragment=\"1\"><\/iframe><\/div>\n<\/div>\n<div class=\"layout-element layout-element--layout layout-element transition transition--slide\" data-v-c26ff75d=\"\" data-animation-state=\"active\">\n<div id=\"zoJ-lr\" class=\"text-box layout-element__component layout-element__component--GridTextBox\" data-v-c26ff75d=\"\" data-qa=\"gridtextbox:zoj-lr\">\n<h6 dir=\"auto\">Horaires<\/h6>\n<p>Toujours ouvert<\/p>\n<\/div>\n<\/div>\n<div class=\"layout-element layout-element--layout layout-element transition transition--slide\" data-v-c26ff75d=\"\" data-animation-state=\"active\">\n<div id=\"zNy168\" class=\"text-box layout-element__component layout-element__component--GridTextBox\" data-v-c26ff75d=\"\" data-qa=\"gridtextbox:zny168\">\n<h6 dir=\"auto\">Adresse<\/h6>\n<\/div>\n<\/div>\n<div class=\"layout-element layout-element--layout layout-element transition transition--slide\" data-v-c26ff75d=\"\" data-animation-state=\"active\">\n<div id=\"zWsyNY\" class=\"text-box layout-element__component layout-element__component--GridTextBox\" data-v-c26ff75d=\"\" data-qa=\"gridtextbox:zwsyny\">\n<p class=\"body\" dir=\"auto\">9, rue Khedija Bent Khouiled 2091 El Menzah 6<\/p>\n<\/div>\n<\/div>\n<p class=\"body\" dir=\"auto\"><!--more--><\/p>\n<p>Bienvenue \u00e0 notre p\u00e9pini\u00e8re et jardinerie de confiance ! Nous sommes passionn\u00e9s par les plantes et nous nous engageons \u00e0 vous offrir la meilleure s\u00e9lection de plantes et de produits pour le jardin.<\/p>\n<p>Que vous recherchiez des plantes d\u2019int\u00e9rieur ou d\u2019ext\u00e9rieur, des plantes vertes ou fleuries, nous avons ce qu\u2019il vous faut. Chez nous, vous trouverez des plantes pour tous les go\u00fbts et tous les budgets.<\/p>\n<p>Nous accordons une grande importance \u00e0 la qualit\u00e9 de nos plantes. C\u2019est pourquoi nous les s\u00e9lectionnons avec soin et nous nous assurons qu\u2019elles sont en bonne sant\u00e9 et pr\u00eates \u00e0 \u00eatre plant\u00e9es. Notre \u00e9quipe de professionnels exp\u00e9riment\u00e9s est l\u00e0 pour vous aider \u00e0 trouver les plantes id\u00e9ales pour votre int\u00e9rieur ou votre ext\u00e9rieur.<\/p>\n<p>Que vous ayez besoin de conseils sur l\u2019emplacement des plantes, les besoins en arrosage ou en entretien, nous sommes l\u00e0 pour vous guider.<\/p>\n<p>Nous comprenons que votre emploi du temps peut \u00eatre charg\u00e9. C\u2019est pourquoi nous sommes ouverts 7 jours sur 7, de 7h \u00e0 19h. Vous pouvez venir nous rendre visite quand vous le souhaitez, \u00e0 votre convenance. Nous serons ravis de vous accueillir.<\/p>\n<p>En plus de notre vaste s\u00e9lection de plantes, nous proposons \u00e9galement des avantages exclusifs \u00e0 nos clients. Vous pourrez profiter de promotions r\u00e9guli\u00e8res pour faire des \u00e9conomies sur vos achats. Si vous devenez membre de notre carte de fid\u00e9lit\u00e9, vous b\u00e9n\u00e9ficierez de remises sp\u00e9ciales. De plus, nous offrons des conseils gratuits sur le jardinage pour vous aider \u00e0 prendre soin de vos plantes de mani\u00e8re optimale.<\/p>\n<p>Nous sommes fiers de notre r\u00e9putation de p\u00e9pini\u00e8re et jardinerie de confiance. Notre objectif est de vous offrir une exp\u00e9rience de magasinage agr\u00e9able et de vous aider \u00e0 cr\u00e9er un jardin magnifique.<\/p>\n<p>Que vous soyez un jardinier d\u00e9butant ou exp\u00e9riment\u00e9, nous sommes l\u00e0 pour r\u00e9pondre \u00e0 tous vos besoins en mati\u00e8re de plantes. Nous vous invitons \u00e0 venir nous rendre visite et \u00e0 d\u00e9couvrir notre large gamme de plantes. Faites confiance \u00e0 notre expertise et \u00e0 notre passion pour les plantes.<\/p>\n<p>Nous sommes impatients de vous accueillir et de vous aider \u00e0 r\u00e9aliser tous vos projets de jardinage.<\/p>\n","protected":false},"excerpt":{"rendered":"<p>Les Verts Tunisie Horaires Toujours ouvert Adresse 9, rue Khedija Bent Khouiled 2091 El Menzah 6<\/p>\n","protected":false},"author":1,"featured_media":77,"parent":0,"menu_order":0,"comment_status":"closed","ping_status":"closed","template":"","meta":{"om_disable_all_campaigns":false,"_monsterinsights_skip_tracking":false,"_monsterinsights_sitenote_active":false,"_monsterinsights_sitenote_note":"","_monsterinsights_sitenote_category":0,"_kadence_starter_templates_imported_post":false,"_kad_post_transparent":"","_kad_post_title":"","_kad_post_layout":"","_kad_post_sidebar_id":"","_kad_post_content_style":"","_kad_post_vertical_padding":"","_kad_post_feature":"","_kad_post_feature_position":"","_kad_post_header":false,"_kad_post_footer":false,"footnotes":""},"aioseo_notices":[],"_links":{"self":[{"href":"https:\/\/lesvertstunisie.travelfoliage.com\/index.php?rest_route=\/wp\/v2\/pages\/38"}],"collection":[{"href":"https:\/\/lesvertstunisie.travelfoliage.com\/index.php?rest_route=\/wp\/v2\/pages"}],"about":[{"href":"https:\/\/lesvertstunisie.travelfoliage.com\/index.php?rest_route=\/wp\/v2\/types\/page"}],"author":[{"embeddable":true,"href":"https:\/\/lesvertstunisie.travelfoliage.com\/index.php?rest_route=\/wp\/v2\/users\/1"}],"replies":[{"embeddable":true,"href":"https:\/\/lesvertstunisie.travelfoliage.com\/index.php?rest_route=%2Fwp%2Fv2%2Fcomments&post=38"}],"version-history":[{"count":6,"href":"https:\/\/lesvertstunisie.travelfoliage.com\/index.php?rest_route=\/wp\/v2\/pages\/38\/revisions"}],"predecessor-version":[{"id":102,"href":"https:\/\/lesvertstunisie.travelfoliage.com\/index.php?rest_route=\/wp\/v2\/pages\/38\/revisions\/102"}],"wp:featuredmedia":[{"embeddable":true,"href":"https:\/\/lesvertstunisie.travelfoliage.com\/index.php?rest_route=\/wp\/v2\/media\/77"}],"wp:attachment":[{"href":"https:\/\/lesvertstunisie.travelfoliage.com\/index.php?rest_route=%2Fwp%2Fv2%2Fmedia&parent=38"}],"curies":[{"name":"wp","href":"https:\/\/api.w.org\/{rel}","templated":true}]}}